{"id":13056,"date":"2026-03-03T09:35:35","date_gmt":"2026-03-03T08:35:35","guid":{"rendered":"https:\/\/www.scheer-school.com\/polygon_preview_page\/"},"modified":"2026-03-03T10:22:12","modified_gmt":"2026-03-03T09:22:12","slug":"polygon_preview_page","status":"publish","type":"page","link":"https:\/\/www.scheer-school.com\/en\/polygon_preview_page\/","title":{"rendered":"Polygon_preview_page"},"content":{"rendered":"\t\t<div data-elementor-type=\"wp-page\" data-elementor-id=\"13056\" class=\"elementor elementor-13056 elementor-13050\" wpc-filter-elementor-widget=\"1\" data-elementor-post-type=\"page\">\n\t\t\t\t<div class=\"elementor-element elementor-element-0e4a932 e-flex e-con-boxed e-con e-parent\" data-id=\"0e4a932\" data-element_type=\"container\" data-e-type=\"container\">\n\t\t\t\t\t<div class=\"e-con-inner\">\n\t\t\t\t<div class=\"elementor-element elementor-element-9958dab elementor-widget elementor-widget-html\" data-id=\"9958dab\" data-element_type=\"widget\" data-e-type=\"widget\" data-widget_type=\"html.default\">\n\t\t\t\t\t<script defer src=\"https:\/\/cdn.privatecaptcha.com\/widget\/js\/privatecaptcha.js\"><\/script><div id=\"form\" style=\"max-width:640px; margin:0; background:#ffffff; border:1px solid #dfe6e8; border-radius:18px; padding:30px 28px; box-sizing:border-box; font-family:Arial, Helvetica, sans-serif; color:#00222e; box-shadow:0 10px 28px rgba(0,34,46,0.06);\"><h2 id=\"form-headline\" style=\"margin:0 0 12px 0; font-size:30px; font-weight:700; color:#00222e; line-height:1.2;\">Klingt interessant? Erfahre mehr.\n  <\/h2><p id=\"form-subline\" style=\"margin:0 0 24px 0; font-size:15px; line-height:1.7; color:#52646b;\">Lass dir alle wichtigen Infos zu diesem Programm kostenlos per E-Mail zusenden.\n  <\/p><div id=\"form-success-message\" style=\"display:none; margin:0 0 22px 0; padding:16px 18px; background:#f2fafb; border:1px solid #d6ecef; border-radius:14px; color:#0b5963; font-size:14px; line-height:1.6;\">Danke dir! Deine Anfrage wurde erfolgreich \u00fcbermittelt. Wir senden dir die Informationen in K\u00fcrze per E-Mail zu.\n  <\/div><form method=\"post\" action=\"https:\/\/www.scheer-school.com\/forms\/send_form.php\" accept-charset=\"UTF-8\" style=\"margin:0;\"><input type=\"hidden\" name=\"List ID\" id=\"form-list-id\" value=\"12\"><input type=\"hidden\" name=\"LANGUAGE\" id=\"form-language\" value=\"de\"><input type=\"hidden\" name=\"UTM_CONTENT\" id=\"utm_content\" value=\"\"><input type=\"hidden\" name=\"UTM_MEDIUM\" id=\"utm_medium\" value=\"\"><input type=\"hidden\" name=\"UTM_SOURCE\" id=\"utm_source\" value=\"\"><input type=\"hidden\" name=\"UTM_CAMPAIGN\" id=\"utm_campaign\" value=\"\"><input type=\"hidden\" name=\"UTM_ID\" id=\"utm_id\" value=\"\"><div style=\"margin:0 0 14px 0; font-size:0;\"><div style=\"display:inline-block; width:50%; padding-right:7px; box-sizing:border-box; vertical-align:top;\"><label for=\"fname\" style=\"display:block; margin:0 0 7px 0; font-size:13px; font-weight:700; color:#35515a;\"><span id=\"label-fname\">Vorname *<\/span><\/label><input\n          id=\"fname\"\n          name=\"FIRSTNAME\"\n          type=\"text\"\n          required\n          autocomplete=\"given-name\"\n          style=\"width:100%; box-sizing:border-box; padding:14px 15px; border:1px solid #d8e0e3; border-radius:12px; font-size:14px; color:#00222e; background:#fcfdfd; outline:none;\"\n        ><\/div><div style=\"display:inline-block; width:50%; padding-left:7px; box-sizing:border-box; vertical-align:top;\"><label for=\"lname\" style=\"display:block; margin:0 0 7px 0; font-size:13px; font-weight:700; color:#35515a;\"><span id=\"label-lname\">Nachname *<\/span><\/label><input\n          id=\"lname\"\n          name=\"LASTNAME\"\n          type=\"text\"\n          required\n          autocomplete=\"family-name\"\n          style=\"width:100%; box-sizing:border-box; padding:14px 15px; border:1px solid #d8e0e3; border-radius:12px; font-size:14px; color:#00222e; background:#fcfdfd; outline:none;\"\n        ><\/div><\/div><div style=\"margin:0 0 14px 0;\"><label for=\"email\" style=\"display:block; margin:0 0 7px 0; font-size:13px; font-weight:700; color:#35515a;\"><span id=\"label-email\">E-Mail-Adresse *<\/span><\/label><input\n        id=\"email\"\n        name=\"EMAIL\"\n        type=\"email\"\n        required\n        autocomplete=\"email\"\n        style=\"width:100%; box-sizing:border-box; padding:14px 15px; border:1px solid #d8e0e3; border-radius:12px; font-size:14px; color:#00222e; background:#fcfdfd; outline:none;\"\n      ><\/div><div style=\"margin:0 0 18px 0; font-size:0;\"><div style=\"display:inline-block; width:50%; padding-right:7px; box-sizing:border-box; vertical-align:top;\"><label for=\"phone\" style=\"display:block; margin:0 0 7px 0; font-size:13px; font-weight:700; color:#35515a;\"><span id=\"label-phone\">Telefon<\/span><\/label><input\n          id=\"phone\"\n          name=\"SMS\"\n          type=\"tel\"\n          autocomplete=\"tel\"\n          style=\"width:100%; box-sizing:border-box; padding:14px 15px; border:1px solid #d8e0e3; border-radius:12px; font-size:14px; color:#00222e; background:#fcfdfd; outline:none;\"\n        ><\/div><div style=\"display:inline-block; width:50%; padding-left:7px; box-sizing:border-box; vertical-align:top;\"><label for=\"company\" style=\"display:block; margin:0 0 7px 0; font-size:13px; font-weight:700; color:#35515a;\"><span id=\"label-company\">Unternehmen<\/span><\/label><input\n          id=\"company\"\n          name=\"COMPANY\"\n          type=\"text\"\n          autocomplete=\"organization\"\n          style=\"width:100%; box-sizing:border-box; padding:14px 15px; border:1px solid #d8e0e3; border-radius:12px; font-size:14px; color:#00222e; background:#fcfdfd; outline:none;\"\n        ><\/div><\/div><div style=\"margin:0 0 18px 0; padding:16px 18px; background:#f8fbfb; border:1px solid #e6edef; border-radius:14px;\"><label for=\"consent\" style=\"display:flex; align-items:flex-start; gap:12px; font-size:14px; color:#35515a; line-height:1.65; cursor:pointer;\"><input\n          id=\"consent\"\n          type=\"checkbox\"\n          name=\"CONSENT\"\n          value=\"1\"\n          required\n          style=\"margin:2px 0 0 0; width:18px; height:18px; min-width:18px; accent-color:#00aec2;\"\n        ><span id=\"consent-copy\">Ich m\u00f6chte das Infomaterial per E-Mail erhalten und stimme der Verarbeitung meiner Daten gem\u00e4\u00df\n          <a href=\"https:\/\/www.scheer-school.com\/en\/privacy-policy\/\" target=\"_blank\" rel=\"noopener noreferrer\" style=\"color:#00aec2; text-decoration:underline;\">Datenschutzerkl\u00e4rung\n          <\/a>zu. *\n        <\/span><\/label><\/div><div style=\"margin:0 0 14px 0; overflow:hidden;\"><div style=\"display:inline-block; transform:scale(0.84); transform-origin:left top; margin-bottom:-18px;\"><div class=\"private-captcha\" data-sitekey=\"849c01e5322b451caef60deaf9749723\" data-solution-field=\"private-captcha-solution\"><\/div><\/div><\/div><button id=\"BUTTON_ID_PLACEHOLDER\" type=\"submit\" style=\"display:inline-block; background:#00aec2; color:#ffffff; padding:15px 26px; font-size:15px; font-weight:700; border:0; border-radius:12px; cursor:pointer;\"><span id=\"form-button-text\">Infomaterial anfordern<\/span><\/button><\/form><\/div><script>(function () {\n    var translations = {\n      de: {\n        headline: \"Klingt interessant? Erfahre mehr.\",\n        subline: \"Lass dir alle wichtigen Infos zu diesem Programm kostenlos per E-Mail zusenden.\",\n        success: \"Danke dir! Deine Anfrage wurde erfolgreich \u00fcbermittelt. Wir senden dir die Informationen in K\u00fcrze per E-Mail zu.\",\n        fname: \"Vorname *\",\n        lname: \"Nachname *\",\n        email: \"E-Mail-Adresse *\",\n        phone: \"Telefon\",\n        company: \"Unternehmen\",\n        consent: 'Ich m\u00f6chte das Infomaterial per E-Mail erhalten und stimme der Verarbeitung meiner Daten gem\u00e4\u00df <a href=\"https:\/\/www.scheer-school.com\/en\/privacy-policy\/\" target=\"_blank\" rel=\"noopener noreferrer\" style=\"color:#00aec2; text-decoration:underline;\">Datenschutzerkl\u00e4rung<\/a> zu. *',\n        button: \"Infomaterial anfordern\",\n        language: \"de\"\n      },\n      en: {\n        headline: \"Sounds interesting? Learn more.\",\n        subline: \"Get all the key information about this program sent to you by email free of charge.\",\n        success: \"Thank you! Your request has been submitted successfully. We will send you the information by email shortly.\",\n        fname: \"First name *\",\n        lname: \"Last name *\",\n        email: \"Email address *\",\n        phone: \"Phone\",\n        company: \"Company\",\n        consent: 'I would like to receive the information material by email and agree to the processing of my data in accordance with the <a href=\"https:\/\/www.scheer-school.com\/en\/privacy-policy\/\" target=\"_blank\" rel=\"noopener noreferrer\" style=\"color:#00aec2; text-decoration:underline;\">privacy policy<\/a>. *',\n        button: \"Request information material\",\n        language: \"en\"\n      }\n    };\n\n    function detectLanguage() {\n      var htmlLang = (document.documentElement.lang || \"\").toLowerCase();\n      var path = (window.location.pathname || \"\").toLowerCase();\n\n      if (htmlLang.indexOf(\"en\") === 0) {\n        return \"en\";\n      }\n\n      if (\/(^|\\\/)en(\\\/|$)\/.test(path)) {\n        return \"en\";\n      }\n\n      return \"de\";\n    }\n\n    function setText(id, value) {\n      var el = document.getElementById(id);\n      if (el) {\n        el.textContent = value;\n      }\n    }\n\n    function setHTML(id, value) {\n      var el = document.getElementById(id);\n      if (el) {\n        el.innerHTML = value;\n      }\n    }\n\n    function applyLanguage(lang) {\n      var t = translations[lang] || translations.de;\n\n      setText(\"form-headline\", t.headline);\n      setText(\"form-subline\", t.subline);\n      setText(\"form-success-message\", t.success);\n      setText(\"label-fname\", t.fname);\n      setText(\"label-lname\", t.lname);\n      setText(\"label-email\", t.email);\n      setText(\"label-phone\", t.phone);\n      setText(\"label-company\", t.company);\n      setHTML(\"consent-copy\", t.consent);\n      setText(\"form-button-text\", t.button);\n\n      var langField = document.getElementById(\"form-language\");\n      if (langField) {\n        langField.value = t.language;\n      }\n    }\n\n    function hasSuccessFlag() {\n      var searchParams = new URLSearchParams(window.location.search);\n      if (searchParams.get(\"success\") === \"true\") {\n        return true;\n      }\n\n      var hash = window.location.hash || \"\";\n      if (hash.indexOf(\"?\") !== -1) {\n        var hashQuery = hash.split(\"?\")[1];\n        var hashParams = new URLSearchParams(hashQuery);\n        if (hashParams.get(\"success\") === \"true\") {\n          return true;\n        }\n      }\n\n      return false;\n    }\n\n    function getParamCaseInsensitive(params, key) {\n      var lowerKey = key.toLowerCase();\n      var foundValue = \"\";\n\n      params.forEach(function (value, paramKey) {\n        if (paramKey.toLowerCase() === lowerKey && !foundValue) {\n          foundValue = value;\n        }\n      });\n\n      return foundValue;\n    }\n\n    function setFieldValue(id, value) {\n      var field = document.getElementById(id);\n      if (field) {\n        field.value = value || \"\";\n      }\n    }\n\n    function populateUTMFields() {\n      var params = new URLSearchParams(window.location.search);\n\n      var utmMap = [\n        { param: \"utm_content\", field: \"utm_content\" },\n        { param: \"utm_medium\", field: \"utm_medium\" },\n        { param: \"utm_source\", field: \"utm_source\" },\n        { param: \"utm_campaign\", field: \"utm_campaign\" },\n        { param: \"utm_id\", field: \"utm_id\" }\n      ];\n\n      utmMap.forEach(function (item) {\n        var storageKey = \"ss_\" + item.param;\n        var urlValue = getParamCaseInsensitive(params, item.param);\n        var storedValue = \"\";\n\n        try {\n          storedValue = sessionStorage.getItem(storageKey) || \"\";\n        } catch (e) {\n          storedValue = \"\";\n        }\n\n        var finalValue = urlValue || storedValue || \"\";\n\n        if (urlValue) {\n          try {\n            sessionStorage.setItem(storageKey, urlValue);\n          } catch (e) {}\n        }\n\n        setFieldValue(item.field, finalValue);\n      });\n    }\n\n    var currentLanguage = detectLanguage();\n    applyLanguage(currentLanguage);\n    populateUTMFields();\n\n    if (hasSuccessFlag()) {\n      var successBox = document.getElementById(\"form-success-message\");\n      var formBox = document.getElementById(\"form\");\n\n      if (successBox) {\n        successBox.style.display = \"block\";\n      }\n\n      if (formBox) {\n        formBox.scrollIntoView({ behavior: \"smooth\", block: \"start\" });\n      }\n    }\n  })();\n<\/script>\t\t\t\t<\/div>\n\t\t\t\t\t<\/div>\n\t\t\t\t<\/div>\n\t\t\t\t<\/div>\n\t\t","protected":false},"excerpt":{"rendered":"<p>Klingt interessant? Erfahre mehr. Lass dir alle wichtigen Infos zu diesem Programm kostenlos per E-Mail zusenden. Danke dir! Deine Anfrage [&hellip;]<\/p>\n","protected":false},"author":2,"featured_media":0,"parent":0,"menu_order":0,"comment_status":"closed","ping_status":"closed","template":"","meta":{"_acf_changed":false,"inline_featured_image":false,"site-sidebar-layout":"no-sidebar","site-content-layout":"","ast-site-content-layout":"full-width-container","site-content-style":"default","site-sidebar-style":"default","ast-global-header-display":"","ast-banner-title-visibility":"","ast-main-header-display":"","ast-hfb-above-header-display":"","ast-hfb-below-header-display":"","ast-hfb-mobile-header-display":"","site-post-title":"","ast-breadcrumbs-content":"","ast-featured-img":"disabled","footer-sml-layout":"","ast-disable-related-posts":"","theme-transparent-header-meta":"default","adv-header-id-meta":"","stick-header-meta":"","header-above-stick-meta":"","header-main-stick-meta":"","header-below-stick-meta":"","astra-migrate-meta-layouts":"default","ast-page-background-enabled":"default","ast-page-background-meta":{"desktop":{"background-color":"var(--ast-global-color-4)","background-image":"","background-repeat":"repeat","background-position":"center center","background-size":"auto","background-attachment":"scroll","background-type":"","background-media":"","overlay-type":"","overlay-color":"","overlay-opacity":"","overlay-gradient":""},"tablet":{"background-color":"","background-image":"","background-repeat":"repeat","background-position":"center center","background-size":"auto","background-attachment":"scroll","background-type":"","background-media":"","overlay-type":"","overlay-color":"","overlay-opacity":"","overlay-gradient":""},"mobile":{"background-color":"","background-image":"","background-repeat":"repeat","background-position":"center center","background-size":"auto","background-attachment":"scroll","background-type":"","background-media":"","overlay-type":"","overlay-color":"","overlay-opacity":"","overlay-gradient":""}},"ast-content-background-meta":{"desktop":{"background-color":"var(--ast-global-color-5)","background-image":"","background-repeat":"repeat","background-position":"center center","background-size":"auto","background-attachment":"scroll","background-type":"","background-media":"","overlay-type":"","overlay-color":"","overlay-opacity":"","overlay-gradient":""},"tablet":{"background-color":"var(--ast-global-color-5)","background-image":"","background-repeat":"repeat","background-position":"center center","background-size":"auto","background-attachment":"scroll","background-type":"","background-media":"","overlay-type":"","overlay-color":"","overlay-opacity":"","overlay-gradient":""},"mobile":{"background-color":"var(--ast-global-color-5)","background-image":"","background-repeat":"repeat","background-position":"center center","background-size":"auto","background-attachment":"scroll","background-type":"","background-media":"","overlay-type":"","overlay-color":"","overlay-opacity":"","overlay-gradient":""}},"footnotes":""},"class_list":["post-13056","page","type-page","status-publish","hentry"],"acf":[],"yoast_head":"<!-- This site is optimized with the Yoast SEO Premium plugin v27.4 (Yoast SEO v27.4) - https:\/\/yoast.com\/product\/yoast-seo-premium-wordpress\/ -->\n<title>Polygon_preview_page - Scheer School of Digital Sciences at Saarland University<\/title>\n<meta name=\"robots\" content=\"index, follow, max-snippet:-1, max-image-preview:large, max-video-preview:-1\" \/>\n<link rel=\"canonical\" href=\"https:\/\/www.scheer-school.com\/en\/polygon_preview_page\/\" \/>\n<meta property=\"og:locale\" content=\"en_US\" \/>\n<meta property=\"og:type\" content=\"article\" \/>\n<meta property=\"og:title\" content=\"Polygon_preview_page\" \/>\n<meta property=\"og:description\" content=\"Klingt interessant? Erfahre mehr. Lass dir alle wichtigen Infos zu diesem Programm kostenlos per E-Mail zusenden. Danke dir! Deine Anfrage [&hellip;]\" \/>\n<meta property=\"og:url\" content=\"https:\/\/www.scheer-school.com\/en\/polygon_preview_page\/\" \/>\n<meta property=\"og:site_name\" content=\"Scheer School of Digital Sciences at Saarland University\" \/>\n<meta property=\"article:publisher\" content=\"https:\/\/www.facebook.com\/scheer.school\" \/>\n<meta property=\"article:modified_time\" content=\"2026-03-03T09:22:12+00:00\" \/>\n<meta name=\"twitter:card\" content=\"summary_large_image\" \/>\n<script type=\"application\/ld+json\" class=\"yoast-schema-graph\">{\"@context\":\"https:\\\/\\\/schema.org\",\"@graph\":[{\"@type\":\"WebPage\",\"@id\":\"https:\\\/\\\/www.scheer-school.com\\\/en\\\/polygon_preview_page\\\/\",\"url\":\"https:\\\/\\\/www.scheer-school.com\\\/en\\\/polygon_preview_page\\\/\",\"name\":\"Polygon_preview_page - Scheer School of Digital Sciences at Saarland University\",\"isPartOf\":{\"@id\":\"https:\\\/\\\/www.scheer-school.com\\\/en\\\/#website\"},\"datePublished\":\"2026-03-03T08:35:35+00:00\",\"dateModified\":\"2026-03-03T09:22:12+00:00\",\"breadcrumb\":{\"@id\":\"https:\\\/\\\/www.scheer-school.com\\\/en\\\/polygon_preview_page\\\/#breadcrumb\"},\"inLanguage\":\"en-US\",\"potentialAction\":[{\"@type\":\"ReadAction\",\"target\":[\"https:\\\/\\\/www.scheer-school.com\\\/en\\\/polygon_preview_page\\\/\"]}]},{\"@type\":\"BreadcrumbList\",\"@id\":\"https:\\\/\\\/www.scheer-school.com\\\/en\\\/polygon_preview_page\\\/#breadcrumb\",\"itemListElement\":[{\"@type\":\"ListItem\",\"position\":1,\"name\":\"Startseite\",\"item\":\"https:\\\/\\\/www.scheer-school.com\\\/en\\\/\"},{\"@type\":\"ListItem\",\"position\":2,\"name\":\"Polygon_preview_page\"}]},{\"@type\":\"WebSite\",\"@id\":\"https:\\\/\\\/www.scheer-school.com\\\/en\\\/#website\",\"url\":\"https:\\\/\\\/www.scheer-school.com\\\/en\\\/\",\"name\":\"Scheer School of Digital Sciences at Saarland University\",\"description\":\"\",\"publisher\":{\"@id\":\"https:\\\/\\\/www.scheer-school.com\\\/en\\\/#organization\"},\"potentialAction\":[{\"@type\":\"SearchAction\",\"target\":{\"@type\":\"EntryPoint\",\"urlTemplate\":\"https:\\\/\\\/www.scheer-school.com\\\/en\\\/?s={search_term_string}\"},\"query-input\":{\"@type\":\"PropertyValueSpecification\",\"valueRequired\":true,\"valueName\":\"search_term_string\"}}],\"inLanguage\":\"en-US\"},{\"@type\":\"Organization\",\"@id\":\"https:\\\/\\\/www.scheer-school.com\\\/en\\\/#organization\",\"name\":\"Scheer School of Digital Sciences at Saarland University\",\"url\":\"https:\\\/\\\/www.scheer-school.com\\\/en\\\/\",\"logo\":{\"@type\":\"ImageObject\",\"inLanguage\":\"en-US\",\"@id\":\"https:\\\/\\\/www.scheer-school.com\\\/en\\\/#\\\/schema\\\/logo\\\/image\\\/\",\"url\":\"https:\\\/\\\/www.scheer-school.com\\\/wp-content\\\/uploads\\\/2025\\\/05\\\/logo_scheer-school_rgb_pos.webp\",\"contentUrl\":\"https:\\\/\\\/www.scheer-school.com\\\/wp-content\\\/uploads\\\/2025\\\/05\\\/logo_scheer-school_rgb_pos.webp\",\"width\":1920,\"height\":1222,\"caption\":\"Scheer School of Digital Sciences at Saarland University\"},\"image\":{\"@id\":\"https:\\\/\\\/www.scheer-school.com\\\/en\\\/#\\\/schema\\\/logo\\\/image\\\/\"},\"sameAs\":[\"https:\\\/\\\/www.facebook.com\\\/scheer.school\",\"https:\\\/\\\/www.instagram.com\\\/scheer.school\\\/\",\"https:\\\/\\\/www.linkedin.com\\\/company\\\/scheer-school\"],\"email\":\"info@scheer-school.com\",\"telephone\":\"+49 (0) 172 8374851\",\"legalName\":\"Scheer School of Digital Sciences at Saarland University gGmbH\",\"vatID\":\"DE434537721\",\"duns\":\"316149698\",\"numberOfEmployees\":{\"@type\":\"QuantitativeValue\",\"minValue\":\"11\",\"maxValue\":\"50\"}}]}<\/script>\n<!-- \/ Yoast SEO Premium plugin. -->","yoast_head_json":{"title":"Polygon_preview_page - Scheer School of Digital Sciences at Saarland University","robots":{"index":"index","follow":"follow","max-snippet":"max-snippet:-1","max-image-preview":"max-image-preview:large","max-video-preview":"max-video-preview:-1"},"canonical":"https:\/\/www.scheer-school.com\/en\/polygon_preview_page\/","og_locale":"en_US","og_type":"article","og_title":"Polygon_preview_page","og_description":"Klingt interessant? Erfahre mehr. Lass dir alle wichtigen Infos zu diesem Programm kostenlos per E-Mail zusenden. Danke dir! Deine Anfrage [&hellip;]","og_url":"https:\/\/www.scheer-school.com\/en\/polygon_preview_page\/","og_site_name":"Scheer School of Digital Sciences at Saarland University","article_publisher":"https:\/\/www.facebook.com\/scheer.school","article_modified_time":"2026-03-03T09:22:12+00:00","twitter_card":"summary_large_image","schema":{"@context":"https:\/\/schema.org","@graph":[{"@type":"WebPage","@id":"https:\/\/www.scheer-school.com\/en\/polygon_preview_page\/","url":"https:\/\/www.scheer-school.com\/en\/polygon_preview_page\/","name":"Polygon_preview_page - Scheer School of Digital Sciences at Saarland University","isPartOf":{"@id":"https:\/\/www.scheer-school.com\/en\/#website"},"datePublished":"2026-03-03T08:35:35+00:00","dateModified":"2026-03-03T09:22:12+00:00","breadcrumb":{"@id":"https:\/\/www.scheer-school.com\/en\/polygon_preview_page\/#breadcrumb"},"inLanguage":"en-US","potentialAction":[{"@type":"ReadAction","target":["https:\/\/www.scheer-school.com\/en\/polygon_preview_page\/"]}]},{"@type":"BreadcrumbList","@id":"https:\/\/www.scheer-school.com\/en\/polygon_preview_page\/#breadcrumb","itemListElement":[{"@type":"ListItem","position":1,"name":"Startseite","item":"https:\/\/www.scheer-school.com\/en\/"},{"@type":"ListItem","position":2,"name":"Polygon_preview_page"}]},{"@type":"WebSite","@id":"https:\/\/www.scheer-school.com\/en\/#website","url":"https:\/\/www.scheer-school.com\/en\/","name":"Scheer School of Digital Sciences at Saarland University","description":"","publisher":{"@id":"https:\/\/www.scheer-school.com\/en\/#organization"},"potentialAction":[{"@type":"SearchAction","target":{"@type":"EntryPoint","urlTemplate":"https:\/\/www.scheer-school.com\/en\/?s={search_term_string}"},"query-input":{"@type":"PropertyValueSpecification","valueRequired":true,"valueName":"search_term_string"}}],"inLanguage":"en-US"},{"@type":"Organization","@id":"https:\/\/www.scheer-school.com\/en\/#organization","name":"Scheer School of Digital Sciences at Saarland University","url":"https:\/\/www.scheer-school.com\/en\/","logo":{"@type":"ImageObject","inLanguage":"en-US","@id":"https:\/\/www.scheer-school.com\/en\/#\/schema\/logo\/image\/","url":"https:\/\/www.scheer-school.com\/wp-content\/uploads\/2025\/05\/logo_scheer-school_rgb_pos.webp","contentUrl":"https:\/\/www.scheer-school.com\/wp-content\/uploads\/2025\/05\/logo_scheer-school_rgb_pos.webp","width":1920,"height":1222,"caption":"Scheer School of Digital Sciences at Saarland University"},"image":{"@id":"https:\/\/www.scheer-school.com\/en\/#\/schema\/logo\/image\/"},"sameAs":["https:\/\/www.facebook.com\/scheer.school","https:\/\/www.instagram.com\/scheer.school\/","https:\/\/www.linkedin.com\/company\/scheer-school"],"email":"info@scheer-school.com","telephone":"+49 (0) 172 8374851","legalName":"Scheer School of Digital Sciences at Saarland University gGmbH","vatID":"DE434537721","duns":"316149698","numberOfEmployees":{"@type":"QuantitativeValue","minValue":"11","maxValue":"50"}}]}},"publishpress_future_action":{"enabled":false,"date":"2026-04-22 03:50:03","action":"change-status","newStatus":"draft","terms":[],"taxonomy":"translation_priority","extraData":[]},"publishpress_future_workflow_manual_trigger":{"enabledWorkflows":[]},"_links":{"self":[{"href":"https:\/\/www.scheer-school.com\/en\/wp-json\/wp\/v2\/pages\/13056","targetHints":{"allow":["GET"]}}],"collection":[{"href":"https:\/\/www.scheer-school.com\/en\/wp-json\/wp\/v2\/pages"}],"about":[{"href":"https:\/\/www.scheer-school.com\/en\/wp-json\/wp\/v2\/types\/page"}],"author":[{"embeddable":true,"href":"https:\/\/www.scheer-school.com\/en\/wp-json\/wp\/v2\/users\/2"}],"replies":[{"embeddable":true,"href":"https:\/\/www.scheer-school.com\/en\/wp-json\/wp\/v2\/comments?post=13056"}],"version-history":[{"count":1,"href":"https:\/\/www.scheer-school.com\/en\/wp-json\/wp\/v2\/pages\/13056\/revisions"}],"predecessor-version":[{"id":13057,"href":"https:\/\/www.scheer-school.com\/en\/wp-json\/wp\/v2\/pages\/13056\/revisions\/13057"}],"wp:attachment":[{"href":"https:\/\/www.scheer-school.com\/en\/wp-json\/wp\/v2\/media?parent=13056"}],"curies":[{"name":"wp","href":"https:\/\/api.w.org\/{rel}","templated":true}]}}